{"id":43,"date":"2015-11-14T02:37:00","date_gmt":"2015-11-14T02:37:00","guid":{"rendered":"http:\/\/www.scissorthemes.com\/writty\/fashion\/?page_id=2"},"modified":"2021-03-07T16:39:22","modified_gmt":"2021-03-07T16:39:22","slug":"sample-page","status":"publish","type":"page","link":"http:\/\/gacnik.eu\/?page_id=43","title":{"rendered":"PRODAJNA MESTA"},"content":{"rendered":"<p>Na\u0161e izdelke lahko kupite v ve\u010dini tehni\u010dnih trgovin po Sloveniji.<\/p>\n","protected":false},"excerpt":{"rendered":"<p>Na\u0161e izdelke lahko kupite v ve\u010dini tehni\u010dnih trgovin po Sloveniji.<\/p>\n","protected":false},"author":1,"featured_media":13,"parent":0,"menu_order":0,"comment_status":"open","ping_status":"open","template":"","meta":[],"_links":{"self":[{"href":"http:\/\/gacnik.eu\/index.php?rest_route=\/wp\/v2\/pages\/43"}],"collection":[{"href":"http:\/\/gacnik.eu\/index.php?rest_route=\/wp\/v2\/pages"}],"about":[{"href":"http:\/\/gacnik.eu\/index.php?rest_route=\/wp\/v2\/types\/page"}],"author":[{"embeddable":true,"href":"http:\/\/gacnik.eu\/index.php?rest_route=\/wp\/v2\/users\/1"}],"replies":[{"embeddable":true,"href":"http:\/\/gacnik.eu\/index.php?rest_route=%2Fwp%2Fv2%2Fcomments&post=43"}],"version-history":[{"count":2,"href":"http:\/\/gacnik.eu\/index.php?rest_route=\/wp\/v2\/pages\/43\/revisions"}],"predecessor-version":[{"id":103,"href":"http:\/\/gacnik.eu\/index.php?rest_route=\/wp\/v2\/pages\/43\/revisions\/103"}],"wp:featuredmedia":[{"embeddable":true,"href":"http:\/\/gacnik.eu\/index.php?rest_route=\/wp\/v2\/media\/13"}],"wp:attachment":[{"href":"http:\/\/gacnik.eu\/index.php?rest_route=%2Fwp%2Fv2%2Fmedia&parent=43"}],"curies":[{"name":"wp","href":"https:\/\/api.w.org\/{rel}","templated":true}]}}