{"id":19,"date":"2018-01-22T10:40:32","date_gmt":"2018-01-22T10:40:32","guid":{"rendered":"http:\/\/gacnik.eu\/?page_id=19"},"modified":"2018-01-22T10:40:32","modified_gmt":"2018-01-22T10:40:32","slug":"nasi-izdelki","status":"publish","type":"page","link":"http:\/\/gacnik.eu\/?page_id=19","title":{"rendered":"Na\u0161i izdelki"},"content":{"rendered":"<p>Pri nas dobite originalne izdelke, ki smo jih razvili iz izku\u0161enj dela na terenu:<\/p>\n<p>Veliki vlo\u017eek<\/p>\n<p><img loading=\"lazy\" class=\"alignnone size-medium wp-image-14\" src=\"http:\/\/gacnik.eu\/wp-content\/uploads\/2018\/01\/vlozek_veliki-300x169.jpg\" alt=\"\" width=\"300\" height=\"169\" srcset=\"http:\/\/gacnik.eu\/wp-content\/uploads\/2018\/01\/vlozek_veliki-300x169.jpg 300w, http:\/\/gacnik.eu\/wp-content\/uploads\/2018\/01\/vlozek_veliki-768x434.jpg 768w, http:\/\/gacnik.eu\/wp-content\/uploads\/2018\/01\/vlozek_veliki-1024x578.jpg 1024w, http:\/\/gacnik.eu\/wp-content\/uploads\/2018\/01\/vlozek_veliki-780x441.jpg 780w, http:\/\/gacnik.eu\/wp-content\/uploads\/2018\/01\/vlozek_veliki.jpg 1395w\" sizes=\"(max-width: 300px) 100vw, 300px\" \/><\/p>\n<p>Mali vlo\u017eek<\/p>\n<p><img loading=\"lazy\" class=\"alignnone size-medium wp-image-13\" src=\"http:\/\/gacnik.eu\/wp-content\/uploads\/2018\/01\/vlozek_mali-300x167.jpg\" alt=\"\" width=\"300\" height=\"167\" srcset=\"http:\/\/gacnik.eu\/wp-content\/uploads\/2018\/01\/vlozek_mali-300x167.jpg 300w, http:\/\/gacnik.eu\/wp-content\/uploads\/2018\/01\/vlozek_mali-768x428.jpg 768w, http:\/\/gacnik.eu\/wp-content\/uploads\/2018\/01\/vlozek_mali-1024x570.jpg 1024w, http:\/\/gacnik.eu\/wp-content\/uploads\/2018\/01\/vlozek_mali-1600x891.jpg 1600w, http:\/\/gacnik.eu\/wp-content\/uploads\/2018\/01\/vlozek_mali-780x434.jpg 780w\" sizes=\"(max-width: 300px) 100vw, 300px\" \/><\/p>\n<p>Ravni veznik za stirodur<\/p>\n<p><img loading=\"lazy\" class=\"alignnone size-medium wp-image-12\" src=\"http:\/\/gacnik.eu\/wp-content\/uploads\/2018\/01\/veznik_ravni-300x231.jpg\" alt=\"\" width=\"300\" height=\"231\" srcset=\"http:\/\/gacnik.eu\/wp-content\/uploads\/2018\/01\/veznik_ravni-300x231.jpg 300w, http:\/\/gacnik.eu\/wp-content\/uploads\/2018\/01\/veznik_ravni-768x592.jpg 768w, http:\/\/gacnik.eu\/wp-content\/uploads\/2018\/01\/veznik_ravni-1024x789.jpg 1024w, http:\/\/gacnik.eu\/wp-content\/uploads\/2018\/01\/veznik_ravni-1600x1233.jpg 1600w, http:\/\/gacnik.eu\/wp-content\/uploads\/2018\/01\/veznik_ravni-780x601.jpg 780w\" sizes=\"(max-width: 300px) 100vw, 300px\" \/><\/p>\n<p>Kotni veznik za stirodur &#8211; 90 stopinjski<\/p>\n<p><img loading=\"lazy\" class=\"alignnone size-medium wp-image-6\" src=\"http:\/\/gacnik.eu\/wp-content\/uploads\/2018\/01\/veznik_kotni-300x212.jpg\" alt=\"\" width=\"300\" height=\"212\" srcset=\"http:\/\/gacnik.eu\/wp-content\/uploads\/2018\/01\/veznik_kotni-300x212.jpg 300w, http:\/\/gacnik.eu\/wp-content\/uploads\/2018\/01\/veznik_kotni-768x543.jpg 768w, http:\/\/gacnik.eu\/wp-content\/uploads\/2018\/01\/veznik_kotni-1024x724.jpg 1024w, http:\/\/gacnik.eu\/wp-content\/uploads\/2018\/01\/veznik_kotni-1600x1131.jpg 1600w, http:\/\/gacnik.eu\/wp-content\/uploads\/2018\/01\/veznik_kotni-780x551.jpg 780w\" sizes=\"(max-width: 300px) 100vw, 300px\" \/><\/p>\n","protected":false},"excerpt":{"rendered":"<p>Pri nas dobite originalne izdelke, ki smo jih razvili iz izku\u0161enj dela na terenu: Veliki vlo\u017eek Mali vlo\u017eek Ravni veznik za stirodur Kotni veznik za stirodur &#8211; 90 stopinjski<\/p>\n","protected":false},"author":1,"featured_media":0,"parent":0,"menu_order":0,"comment_status":"closed","ping_status":"closed","template":"","meta":[],"_links":{"self":[{"href":"http:\/\/gacnik.eu\/index.php?rest_route=\/wp\/v2\/pages\/19"}],"collection":[{"href":"http:\/\/gacnik.eu\/index.php?rest_route=\/wp\/v2\/pages"}],"about":[{"href":"http:\/\/gacnik.eu\/index.php?rest_route=\/wp\/v2\/types\/page"}],"author":[{"embeddable":true,"href":"http:\/\/gacnik.eu\/index.php?rest_route=\/wp\/v2\/users\/1"}],"replies":[{"embeddable":true,"href":"http:\/\/gacnik.eu\/index.php?rest_route=%2Fwp%2Fv2%2Fcomments&post=19"}],"version-history":[{"count":1,"href":"http:\/\/gacnik.eu\/index.php?rest_route=\/wp\/v2\/pages\/19\/revisions"}],"predecessor-version":[{"id":20,"href":"http:\/\/gacnik.eu\/index.php?rest_route=\/wp\/v2\/pages\/19\/revisions\/20"}],"wp:attachment":[{"href":"http:\/\/gacnik.eu\/index.php?rest_route=%2Fwp%2Fv2%2Fmedia&parent=19"}],"curies":[{"name":"wp","href":"https:\/\/api.w.org\/{rel}","templated":true}]}}